{"id":1487,"date":"2020-07-11T03:58:39","date_gmt":"2020-07-11T03:58:39","guid":{"rendered":"https:\/\/dev.artemsemkin.com\/rhye\/wp\/?page_id=1487"},"modified":"2025-10-02T10:50:32","modified_gmt":"2025-10-02T10:50:32","slug":"contacts","status":"publish","type":"page","link":"https:\/\/city-leasing.com\/en\/contacts\/","title":{"rendered":"Contact"},"content":{"rendered":"<div data-elementor-type=\"wp-page\" data-elementor-id=\"1487\" class=\"elementor elementor-1487\" data-elementor-post-type=\"page\">\n\t\t\t\t<div class=\"elementor-element elementor-element-0f679a7 e-con-full container-fluid bg-dark-2 e-flex e-con e-parent\" data-id=\"0f679a7\" data-element_type=\"container\" data-settings=\"{&quot;theme_section_color&quot;:&quot;bg-dark-2&quot;}\">\n\t\t<div class=\"elementor-element elementor-element-672b29b e-con-full bg-light-1 e-flex e-con e-child\" data-id=\"672b29b\" data-element_type=\"container\" data-settings=\"{&quot;theme_section_color&quot;:&quot;bg-light-1&quot;}\">\n\t\t\t\t<div class=\"elementor-element elementor-element-e3d54ab elementor-align-right elementor-widget elementor-widget-button\" data-id=\"e3d54ab\" data-element_type=\"widget\" data-widget_type=\"button.default\">\n\t\t\t\t<div class=\"elementor-widget-container\">\n\t\t\t\t\t\t\t\t\t<div class=\"elementor-button-wrapper\">\n\t\t\t\t\t<a class=\"elementor-button elementor-button-link elementor-size-sm elementor-animation-grow\" href=\"tel:%20+994502290575\">\n\t\t\t\t\t\t<span class=\"elementor-button-content-wrapper\">\n\t\t\t\t\t\t<span class=\"elementor-button-icon\">\n\t\t\t\t<svg aria-hidden=\"true\" class=\"e-font-icon-svg e-fas-phone-alt\" viewbox=\"0 0 512 512\" xmlns=\"http:\/\/www.w3.org\/2000\/svg\"><path d=\"M497.39 361.8l-112-48a24 24 0 0 0-28 6.9l-49.6 60.6A370.66 370.66 0 0 1 130.6 204.11l60.6-49.6a23.94 23.94 0 0 0 6.9-28l-48-112A24.16 24.16 0 0 0 122.6.61l-104 24A24 24 0 0 0 0 48c0 256.5 207.9 464 464 464a24 24 0 0 0 23.4-18.6l24-104a24.29 24.29 0 0 0-14.01-27.6z\"><\/path><\/svg>\t\t\t<\/span>\n\t\t\t\t\t\t\t\t\t<span class=\"elementor-button-text\">Call our mobile number<\/span>\n\t\t\t\t\t<\/span>\n\t\t\t\t\t<\/a>\n\t\t\t\t<\/div>\n\t\t\t\t\t\t\t\t<\/div>\n\t\t\t\t<\/div>\n\t\t\t\t<div class=\"elementor-element elementor-element-dda2fea elementor-align-right elementor-widget elementor-widget-button\" data-id=\"dda2fea\" data-element_type=\"widget\" data-widget_type=\"button.default\">\n\t\t\t\t<div class=\"elementor-widget-container\">\n\t\t\t\t\t\t\t\t\t<div class=\"elementor-button-wrapper\">\n\t\t\t\t\t<a class=\"elementor-button elementor-button-link elementor-size-sm elementor-animation-grow\" href=\"tel:%20+994124304917\">\n\t\t\t\t\t\t<span class=\"elementor-button-content-wrapper\">\n\t\t\t\t\t\t<span class=\"elementor-button-icon\">\n\t\t\t\t<svg aria-hidden=\"true\" class=\"e-font-icon-svg e-fas-phone-alt\" viewbox=\"0 0 512 512\" xmlns=\"http:\/\/www.w3.org\/2000\/svg\"><path d=\"M497.39 361.8l-112-48a24 24 0 0 0-28 6.9l-49.6 60.6A370.66 370.66 0 0 1 130.6 204.11l60.6-49.6a23.94 23.94 0 0 0 6.9-28l-48-112A24.16 24.16 0 0 0 122.6.61l-104 24A24 24 0 0 0 0 48c0 256.5 207.9 464 464 464a24 24 0 0 0 23.4-18.6l24-104a24.29 24.29 0 0 0-14.01-27.6z\"><\/path><\/svg>\t\t\t<\/span>\n\t\t\t\t\t\t\t\t\t<span class=\"elementor-button-text\">Call our City Number<\/span>\n\t\t\t\t\t<\/span>\n\t\t\t\t\t<\/a>\n\t\t\t\t<\/div>\n\t\t\t\t\t\t\t\t<\/div>\n\t\t\t\t<\/div>\n\t\t\t\t<div class=\"elementor-element elementor-element-4d9b415 elementor-align-justify elementor-widget elementor-widget-button\" data-id=\"4d9b415\" data-element_type=\"widget\" data-widget_type=\"button.default\">\n\t\t\t\t<div class=\"elementor-widget-container\">\n\t\t\t\t\t\t\t\t\t<div class=\"elementor-button-wrapper\">\n\t\t\t\t\t<a class=\"elementor-button elementor-button-link elementor-size-sm elementor-animation-grow\" href=\"http:\/\/wa.me\/+994513796988%20\">\n\t\t\t\t\t\t<span class=\"elementor-button-content-wrapper\">\n\t\t\t\t\t\t<span class=\"elementor-button-icon\">\n\t\t\t\t<svg aria-hidden=\"true\" class=\"e-font-icon-svg e-fab-whatsapp\" viewbox=\"0 0 448 512\" xmlns=\"http:\/\/www.w3.org\/2000\/svg\"><path d=\"M380.9 97.1C339 55.1 283.2 32 223.9 32c-122.4 0-222 99.6-222 222 0 39.1 10.2 77.3 29.6 111L0 480l117.7-30.9c32.4 17.7 68.9 27 106.1 27h.1c122.3 0 224.1-99.6 224.1-222 0-59.3-25.2-115-67.1-157zm-157 341.6c-33.2 0-65.7-8.9-94-25.7l-6.7-4-69.8 18.3L72 359.2l-4.4-7c-18.5-29.4-28.2-63.3-28.2-98.2 0-101.7 82.8-184.5 184.6-184.5 49.3 0 95.6 19.2 130.4 54.1 34.8 34.9 56.2 81.2 56.1 130.5 0 101.8-84.9 184.6-186.6 184.6zm101.2-138.2c-5.5-2.8-32.8-16.2-37.9-18-5.1-1.9-8.8-2.8-12.5 2.8-3.7 5.6-14.3 18-17.6 21.8-3.2 3.7-6.5 4.2-12 1.4-32.6-16.3-54-29.1-75.5-66-5.7-9.8 5.7-9.1 16.3-30.3 1.8-3.7.9-6.9-.5-9.7-1.4-2.8-12.5-30.1-17.1-41.2-4.5-10.8-9.1-9.3-12.5-9.5-3.2-.2-6.9-.2-10.6-.2-3.7 0-9.7 1.4-14.8 6.9-5.1 5.6-19.4 19-19.4 46.3 0 27.3 19.9 53.7 22.6 57.4 2.8 3.7 39.1 59.7 94.8 83.8 35.2 15.2 49 16.5 66.6 13.9 10.7-1.6 32.8-13.4 37.4-26.4 4.6-13 4.6-24.1 3.2-26.4-1.3-2.5-5-3.9-10.5-6.6z\"><\/path><\/svg>\t\t\t<\/span>\n\t\t\t\t\t\t\t\t\t<span class=\"elementor-button-text\">whatsapp<\/span>\n\t\t\t\t\t<\/span>\n\t\t\t\t\t<\/a>\n\t\t\t\t<\/div>\n\t\t\t\t\t\t\t\t<\/div>\n\t\t\t\t<\/div>\n\t\t\t\t<\/div>\n\t\t<div class=\"elementor-element elementor-element-931e07b e-con-full bg-dark-1 e-flex e-con e-child\" data-id=\"931e07b\" data-element_type=\"container\" data-settings=\"{&quot;theme_section_color&quot;:&quot;bg-dark-1&quot;}\">\n\t\t\t\t<div class=\"elementor-element elementor-element-422380c elementor-button-align-stretch elementor-widget elementor-widget-form\" data-id=\"422380c\" data-element_type=\"widget\" data-settings=\"{&quot;step_next_label&quot;:&quot;Next&quot;,&quot;step_previous_label&quot;:&quot;Previous&quot;,&quot;button_width&quot;:&quot;100&quot;,&quot;step_type&quot;:&quot;number_text&quot;,&quot;step_icon_shape&quot;:&quot;circle&quot;}\" data-widget_type=\"form.default\">\n\t\t\t\t<div class=\"elementor-widget-container\">\n\t\t\t\t\t\t\t<form class=\"elementor-form\" method=\"post\" name=\"Ravishh.site-Form\" action=\"\">\n\t\t\t<input type=\"hidden\" name=\"post_id\" value=\"1487\"\/>\n\t\t\t<input type=\"hidden\" name=\"form_id\" value=\"422380c\"\/>\n\t\t\t<input type=\"hidden\" name=\"referer_title\" value=\"\u018flaq\u0259 - City Leasing\" \/>\n\n\t\t\t\t\t\t\t<input type=\"hidden\" name=\"queried_id\" value=\"1487\"\/>\n\t\t\t\n\t\t\t<div class=\"elementor-form-fields-wrapper elementor-labels-above\">\n\t\t\t\t\t\t\t\t<div class=\"elementor-field-type-text elementor-field-group elementor-column elementor-field-group-name elementor-col-100 elementor-field-required elementor-mark-required\">\n\t\t\t\t\t\t\t\t\t\t\t\t<label for=\"form-field-name\" class=\"elementor-field-label\">\n\t\t\t\t\t\t\t\tName And Surname\t\t\t\t\t\t\t<\/label>\n\t\t\t\t\t\t\t\t\t\t\t\t\t\t<input size=\"1\" type=\"text\" name=\"form_fields[name]\" id=\"form-field-name\" class=\"elementor-field elementor-size-sm  elementor-field-textual\" placeholder=\"Name And Surname\" required=\"required\" aria-required=\"true\">\n\t\t\t\t\t\t\t\t\t\t\t<\/div>\n\t\t\t\t\t\t\t\t<div class=\"elementor-field-type-tel elementor-field-group elementor-column elementor-field-group-field_7ce13c8 elementor-col-50 elementor-field-required elementor-mark-required\">\n\t\t\t\t\t\t\t\t\t\t\t\t<label for=\"form-field-field_7ce13c8\" class=\"elementor-field-label\">\n\t\t\t\t\t\t\t\tContact Number\t\t\t\t\t\t\t<\/label>\n\t\t\t\t\t\t\t\t<input size=\"1\" type=\"tel\" name=\"form_fields[field_7ce13c8]\" id=\"form-field-field_7ce13c8\" class=\"elementor-field elementor-size-sm  elementor-field-textual\" placeholder=\"Contact Number\" required=\"required\" aria-required=\"true\" pattern=\"[0-9()#&amp;+*-=.]+\" title=\"Yaln\u0131z n\u00f6mr\u0259l\u0259r v\u0259 telefon simvollar\u0131 (#, -, * v\u0259 s.) q\u0259bul edilir.\">\n\n\t\t\t\t\t\t<\/div>\n\t\t\t\t\t\t\t\t<div class=\"elementor-field-type-select elementor-field-group elementor-column elementor-field-group-field_aa9ed93 elementor-col-50 elementor-field-required elementor-mark-required\">\n\t\t\t\t\t\t\t\t\t\t\t\t<label for=\"form-field-field_aa9ed93\" class=\"elementor-field-label\">\n\t\t\t\t\t\t\t\tCity-District\t\t\t\t\t\t\t<\/label>\n\t\t\t\t\t\t\t\t<div class=\"elementor-field elementor-select-wrapper remove-before\">\n\t\t\t<div class=\"select-caret-down-wrapper\">\n\t\t\t\t<svg aria-hidden=\"true\" class=\"e-font-icon-svg e-eicon-caret-down\" viewbox=\"0 0 571.4 571.4\" xmlns=\"http:\/\/www.w3.org\/2000\/svg\"><path d=\"M571 393Q571 407 561 418L311 668Q300 679 286 679T261 668L11 418Q0 407 0 393T11 368 36 357H536Q550 357 561 368T571 393Z\"><\/path><\/svg>\t\t\t<\/div>\n\t\t\t<select name=\"form_fields[field_aa9ed93]\" id=\"form-field-field_aa9ed93\" class=\"elementor-field-textual elementor-size-sm\" required=\"required\" aria-required=\"true\">\n\t\t\t\t\t\t\t\t\t<option value=\"Ab\u015feron rayonu\">Absheron district<\/option>\n\t\t\t\t\t\t\t\t\t<option value=\"A\u011fcab\u0259di rayonu\">Agjabadi district<\/option>\n\t\t\t\t\t\t\t\t\t<option value=\"A\u011fdam rayonu\">Aghdam district<\/option>\n\t\t\t\t\t\t\t\t\t<option value=\"A\u011fda\u015f rayonu\">Agdash district<\/option>\n\t\t\t\t\t\t\t\t\t<option value=\"A\u011fstafa rayonu\">Agstafa district<\/option>\n\t\t\t\t\t\t\t\t\t<option value=\"A\u011fsu rayonu\">Agsu district<\/option>\n\t\t\t\t\t\t\t\t\t<option value=\"Astara rayonu\">Astara district<\/option>\n\t\t\t\t\t\t\t\t\t<option value=\"Balak\u0259n rayonu\">Balakan district<\/option>\n\t\t\t\t\t\t\t\t\t<option value=\"B\u0259rd\u0259 rayonu\">Barda district<\/option>\n\t\t\t\t\t\t\t\t\t<option value=\"Beyl\u0259qan rayonu\">Beylagan district<\/option>\n\t\t\t\t\t\t\t\t\t<option value=\"Bil\u0259suvar rayonu\">Bilasuvar district<\/option>\n\t\t\t\t\t\t\t\t\t<option value=\"C\u0259bray\u0131l rayonu\">Jabrayil district<\/option>\n\t\t\t\t\t\t\t\t\t<option value=\"C\u0259lilabad rayonu\">Jalilabad district<\/option>\n\t\t\t\t\t\t\t\t\t<option value=\"Da\u015fk\u0259s\u0259n rayonu\">Dashkesan district<\/option>\n\t\t\t\t\t\t\t\t\t<option value=\"F\u00fczuli rayonu\">Fuzuli district<\/option>\n\t\t\t\t\t\t\t\t\t<option value=\"G\u0259d\u0259b\u0259y rayonu\">Gadabey district<\/option>\n\t\t\t\t\t\t\t\t\t<option value=\"Goranboy rayonu\">Goranboy district<\/option>\n\t\t\t\t\t\t\t\t\t<option value=\"G\u00f6y\u00e7ay rayonu\">Goychay district<\/option>\n\t\t\t\t\t\t\t\t\t<option value=\"G\u00f6yg\u00f6l rayonu\">Goygol district<\/option>\n\t\t\t\t\t\t\t\t\t<option value=\"Hac\u0131qabul rayonu\">Hajigabul district<\/option>\n\t\t\t\t\t\t\t\t\t<option value=\"\u0130mi\u015fli rayonu\">Imishli district<\/option>\n\t\t\t\t\t\t\t\t\t<option value=\"\u0130smay\u0131ll\u0131 rayonu\">Ismayilli district<\/option>\n\t\t\t\t\t\t\t\t\t<option value=\"K\u0259lb\u0259c\u0259r rayonu\">Kalbajar district<\/option>\n\t\t\t\t\t\t\t\t\t<option value=\"K\u00fcrd\u0259mir rayonu\">Kurdamir district<\/option>\n\t\t\t\t\t\t\t\t\t<option value=\"Qax rayonu\">Gakh district<\/option>\n\t\t\t\t\t\t\t\t\t<option value=\"Qazax rayonu\">Gazakh district<\/option>\n\t\t\t\t\t\t\t\t\t<option value=\"Q\u0259b\u0259l\u0259 rayonu\">Gabala district<\/option>\n\t\t\t\t\t\t\t\t\t<option value=\"Qobustan rayonu\">Gobustan district<\/option>\n\t\t\t\t\t\t\t\t\t<option value=\"Quba rayonu\">Guba district<\/option>\n\t\t\t\t\t\t\t\t\t<option value=\"Qubadl\u0131 rayonu\">Gubadli district<\/option>\n\t\t\t\t\t\t\t\t\t<option value=\"Qusar rayonu\">Gusar district<\/option>\n\t\t\t\t\t\t\t\t\t<option value=\"La\u00e7\u0131n rayonu\">Lachin district<\/option>\n\t\t\t\t\t\t\t\t\t<option value=\"Lerik rayonu\">Lerik district<\/option>\n\t\t\t\t\t\t\t\t\t<option value=\"Masall\u0131 rayonu\">Masalli district<\/option>\n\t\t\t\t\t\t\t\t\t<option value=\"Neft\u00e7ala rayonu\">Neftchala district<\/option>\n\t\t\t\t\t\t\t\t\t<option value=\"O\u011fuz rayonu\">Oguz district<\/option>\n\t\t\t\t\t\t\t\t\t<option value=\"Ordubad rayonu\">Ordubad district<\/option>\n\t\t\t\t\t\t\t\t\t<option value=\"Saatl\u0131 rayonu\">Saatli district<\/option>\n\t\t\t\t\t\t\t\t\t<option value=\"Sabirabad rayonu\">Sabirabad district<\/option>\n\t\t\t\t\t\t\t\t\t<option value=\"Salyan rayonu\">Salyan district<\/option>\n\t\t\t\t\t\t\t\t\t<option value=\"Samux rayonu\">Samukh district<\/option>\n\t\t\t\t\t\t\t\t\t<option value=\"Siy\u0259z\u0259n rayonu\">Siyazan district<\/option>\n\t\t\t\t\t\t\t\t\t<option value=\"\u015eabran rayonu\">Shabran district<\/option>\n\t\t\t\t\t\t\t\t\t<option value=\"\u015eamax\u0131 rayonu\">Shamakhi district<\/option>\n\t\t\t\t\t\t\t\t\t<option value=\"\u015e\u0259mkir rayonu\">Shamkir district<\/option>\n\t\t\t\t\t\t\t\t\t<option value=\"\u015e\u0259ki rayonu\">Sheki district<\/option>\n\t\t\t\t\t\t\t\t\t<option value=\"\u015e\u0259rur rayonu\">Sharur district<\/option>\n\t\t\t\t\t\t\t\t\t<option value=\"\u015eu\u015fa rayonu\">Shusha district<\/option>\n\t\t\t\t\t\t\t\t\t<option value=\"T\u0259rt\u0259r rayonu\">Tarter district<\/option>\n\t\t\t\t\t\t\t\t\t<option value=\"Tovuz rayonu\">Tovuz district<\/option>\n\t\t\t\t\t\t\t\t\t<option value=\"Ucar rayonu\">Ujar district<\/option>\n\t\t\t\t\t\t\t\t\t<option value=\"Yard\u0131ml\u0131 rayonu\">Yardimli district<\/option>\n\t\t\t\t\t\t\t\t\t<option value=\"Yevlax rayonu\">Yevlakh district<\/option>\n\t\t\t\t\t\t\t\t\t<option value=\"Zaqatala rayonu\">Zagatala district<\/option>\n\t\t\t\t\t\t\t\t\t<option value=\"Z\u0259ngilan rayonu\">Zangilan district<\/option>\n\t\t\t\t\t\t\t\t\t<option value=\"Z\u0259rdab rayonu\">Zardab district<\/option>\n\t\t\t\t\t\t\t\t\t<option value=\"Bin\u0259q\u0259di rayonu\">Binagadi district<\/option>\n\t\t\t\t\t\t\t\t\t<option value=\"Yasamal rayonu\">Yasamal district<\/option>\n\t\t\t\t\t\t\t\t\t<option value=\"N\u0259rimanov rayonu\">Narimanov district<\/option>\n\t\t\t\t\t\t\t\t\t<option value=\"Sabun\u00e7u rayonu\">Sabunchu district<\/option>\n\t\t\t\t\t\t\t\t\t<option value=\"Nizami rayonu\">Nizami district<\/option>\n\t\t\t\t\t\t\t\t\t<option value=\"X\u0259tai rayonu\">Khatai district<\/option>\n\t\t\t\t\t\t\t\t\t<option value=\"S\u0259bail rayonu\">Sabail district<\/option>\n\t\t\t\t\t\t\t\t\t<option value=\"Suraxan\u0131 rayonu\">Surakhani district<\/option>\n\t\t\t\t\t\t\t\t\t<option value=\"Qarada\u011f rayonu\">Garadagh district<\/option>\n\t\t\t\t\t\t\t\t\t<option value=\"X\u0259z\u0259r rayonu\">Khazar region<\/option>\n\t\t\t\t\t\t\t\t\t<option value=\"G\u0259nc\u0259 \u015f\u0259h\u0259ri\">Ganja city<\/option>\n\t\t\t\t\t\t\t\t\t<option value=\"K\u0259p\u0259z rayonu\">Kepaz district<\/option>\n\t\t\t\t\t\t\t\t\t<option value=\"Nizami rayonu\">Nizami district<\/option>\n\t\t\t\t\t\t\t\t\t<option value=\"Sumqay\u0131t \u015f\u0259h\u0259ri\">Sumgait city<\/option>\n\t\t\t\t\t\t\t\t\t<option value=\"Sumqay\u0131t rayonu\">Sumgait district<\/option>\n\t\t\t\t\t\t\t\t\t<option value=\"\u015e\u0259ki \u015f\u0259h\u0259ri\">Sheki city<\/option>\n\t\t\t\t\t\t\t\t\t<option value=\"\u015e\u0259ki rayonu\">Sheki district<\/option>\n\t\t\t\t\t\t\t\t\t<option value=\"Ming\u0259\u00e7evir \u015f\u0259h\u0259ri\">Mingachevir city<\/option>\n\t\t\t\t\t\t\t\t\t<option value=\"Ming\u0259\u00e7evir rayonu\">Mingachevir district<\/option>\n\t\t\t\t\t\t\t\t\t<option value=\"\u015eirvan \u015f\u0259h\u0259ri\">Shirvan city<\/option>\n\t\t\t\t\t\t\t\t\t<option value=\"\u015eirvan rayonu\">Shirvan district<\/option>\n\t\t\t\t\t\t\t\t\t<option value=\"Naftalan \u015f\u0259h\u0259ri\">The city of Naftalan<\/option>\n\t\t\t\t\t\t\t\t\t<option value=\"Naftalan rayonu\">Naftalan district<\/option>\n\t\t\t\t\t\t\t\t\t<option value=\"L\u0259nk\u0259ran \u015f\u0259h\u0259ri\">Lankaran city<\/option>\n\t\t\t\t\t\t\t\t\t<option value=\"L\u0259nk\u0259ran rayonu\">Lankaran district<\/option>\n\t\t\t\t\t\t\t<\/select>\n\t\t<\/div>\n\t\t\t\t\t\t<\/div>\n\t\t\t\t\t\t\t\t<div class=\"elementor-field-type-textarea elementor-field-group elementor-column elementor-field-group-message elementor-col-100\">\n\t\t\t\t\t\t\t\t\t\t\t\t<label for=\"form-field-message\" class=\"elementor-field-label\">\n\t\t\t\t\t\t\t\tThe product you are interested in\t\t\t\t\t\t\t<\/label>\n\t\t\t\t\t\t<textarea class=\"elementor-field-textual elementor-field  elementor-size-sm\" name=\"form_fields[message]\" id=\"form-field-message\" rows=\"1\" placeholder=\" The product you are interested in \"><\/textarea>\t\t\t\t<\/div>\n\t\t\t\t\t\t\t\t<div class=\"elementor-field-type-textarea elementor-field-group elementor-column elementor-field-group-field_18ce988 elementor-col-100\">\n\t\t\t\t\t\t\t\t\t\t\t\t<label for=\"form-field-field_18ce988\" class=\"elementor-field-label\">\n\t\t\t\t\t\t\t\tText\t\t\t\t\t\t\t<\/label>\n\t\t\t\t\t\t<textarea class=\"elementor-field-textual elementor-field  elementor-size-sm\" name=\"form_fields[field_18ce988]\" id=\"form-field-field_18ce988\" rows=\"3\" placeholder=\"Text\"><\/textarea>\t\t\t\t<\/div>\n\t\t\t\t\t\t\t\t<div class=\"elementor-field-group elementor-column elementor-field-type-submit elementor-col-100 e-form__buttons\">\n\t\t\t\t\t<button class=\"elementor-button elementor-size-sm\" type=\"submit\">\n\t\t\t\t\t\t<span class=\"elementor-button-content-wrapper\">\n\t\t\t\t\t\t\t\t\t\t\t\t\t\t\t<span class=\"elementor-button-icon\">\n\t\t\t\t\t\t\t\t\t<i aria-hidden=\"true\" class=\"material-icons send\"><\/i>\t\t\t\t\t\t\t\t\t\t\t\t\t\t\t\t\t<\/span>\n\t\t\t\t\t\t\t\t\t\t\t\t\t\t\t\t\t\t\t\t\t\t<span class=\"elementor-button-text\">Send it<\/span>\n\t\t\t\t\t\t\t\t\t\t\t\t\t<\/span>\n\t\t\t\t\t<\/button>\n\t\t\t\t<\/div>\n\t\t\t<\/div>\n\t\t<input type=\"hidden\" name=\"trp-form-language\" value=\"en\"\/><\/form>\n\t\t\t\t\t\t<\/div>\n\t\t\t\t<\/div>\n\t\t\t\t<\/div>\n\t\t\t\t<\/div>\n\t\t\t\t<\/div>","protected":false},"excerpt":{"rendered":"<p>Mobil Nomr\u0259miz\u0259 Z\u0259ng \u015e\u0259h\u0259r Nomr\u0259miz\u0259 Z\u0259ng whatsapp<\/p>","protected":false},"author":1,"featured_media":0,"parent":0,"menu_order":0,"comment_status":"closed","ping_status":"closed","template":"","meta":{"_acf_changed":false,"_joinchat":[],"footnotes":""},"class_list":["post-1487","page","type-page","status-publish","hentry"],"acf":[],"yoast_head":"<!-- This site is optimized with the Yoast SEO plugin v25.5 - https:\/\/yoast.com\/wordpress\/plugins\/seo\/ -->\n<title>\u018flaq\u0259 - City Leasing<\/title>\n<meta name=\"robots\" content=\"index, follow, max-snippet:-1, max-image-preview:large, max-video-preview:-1\" \/>\n<link rel=\"canonical\" href=\"https:\/\/city-leasing.com\/en\/contacts\/\" \/>\n<meta property=\"og:locale\" content=\"en_US\" \/>\n<meta property=\"og:type\" content=\"article\" \/>\n<meta property=\"og:title\" content=\"\u018flaq\u0259 - City Leasing\" \/>\n<meta property=\"og:description\" content=\"Mobil Nomr\u0259miz\u0259 Z\u0259ng \u015e\u0259h\u0259r Nomr\u0259miz\u0259 Z\u0259ng whatsapp\" \/>\n<meta property=\"og:url\" content=\"https:\/\/city-leasing.com\/en\/contacts\/\" \/>\n<meta property=\"og:site_name\" content=\"City Leasing\" \/>\n<meta property=\"article:modified_time\" content=\"2025-10-02T10:50:32+00:00\" \/>\n<meta name=\"twitter:card\" content=\"summary_large_image\" \/>\n<meta name=\"twitter:label1\" content=\"Est. reading time\" \/>\n\t<meta name=\"twitter:data1\" content=\"1 minute\" \/>\n<script type=\"application\/ld+json\" class=\"yoast-schema-graph\">{\"@context\":\"https:\/\/schema.org\",\"@graph\":[{\"@type\":\"WebPage\",\"@id\":\"https:\/\/city-leasing.com\/contacts\/\",\"url\":\"https:\/\/city-leasing.com\/contacts\/\",\"name\":\"\u018flaq\u0259 - City Leasing\",\"isPartOf\":{\"@id\":\"https:\/\/city-leasing.com\/#website\"},\"datePublished\":\"2020-07-11T03:58:39+00:00\",\"dateModified\":\"2025-10-02T10:50:32+00:00\",\"breadcrumb\":{\"@id\":\"https:\/\/city-leasing.com\/contacts\/#breadcrumb\"},\"inLanguage\":\"en-US\",\"potentialAction\":[{\"@type\":\"ReadAction\",\"target\":[\"https:\/\/city-leasing.com\/contacts\/\"]}]},{\"@type\":\"BreadcrumbList\",\"@id\":\"https:\/\/city-leasing.com\/contacts\/#breadcrumb\",\"itemListElement\":[{\"@type\":\"ListItem\",\"position\":1,\"name\":\"Home\",\"item\":\"https:\/\/city-leasing.com\/az\/\"},{\"@type\":\"ListItem\",\"position\":2,\"name\":\"\u018flaq\u0259\"}]},{\"@type\":\"WebSite\",\"@id\":\"https:\/\/city-leasing.com\/#website\",\"url\":\"https:\/\/city-leasing.com\/\",\"name\":\"CityLeasing\",\"description\":\"Greener That Green\",\"publisher\":{\"@id\":\"https:\/\/city-leasing.com\/#organization\"},\"potentialAction\":[{\"@type\":\"SearchAction\",\"target\":{\"@type\":\"EntryPoint\",\"urlTemplate\":\"https:\/\/city-leasing.com\/?s={search_term_string}\"},\"query-input\":{\"@type\":\"PropertyValueSpecification\",\"valueRequired\":true,\"valueName\":\"search_term_string\"}}],\"inLanguage\":\"en-US\"},{\"@type\":\"Organization\",\"@id\":\"https:\/\/city-leasing.com\/#organization\",\"name\":\"CityLeasing MMC\",\"url\":\"https:\/\/city-leasing.com\/\",\"logo\":{\"@type\":\"ImageObject\",\"inLanguage\":\"en-US\",\"@id\":\"https:\/\/city-leasing.com\/#\/schema\/logo\/image\/\",\"url\":\"https:\/\/city-leasing.com\/wp-content\/uploads\/2024\/08\/city-leasingleasing-bakuleasingcity-leasinglizing-bakulizing-avtomobillerleasing-cars1_5-e1724600238610.webp\",\"contentUrl\":\"https:\/\/city-leasing.com\/wp-content\/uploads\/2024\/08\/city-leasingleasing-bakuleasingcity-leasinglizing-bakulizing-avtomobillerleasing-cars1_5-e1724600238610.webp\",\"width\":2250,\"height\":701,\"caption\":\"CityLeasing MMC\"},\"image\":{\"@id\":\"https:\/\/city-leasing.com\/#\/schema\/logo\/image\/\"}}]}<\/script>\n<!-- \/ Yoast SEO plugin. -->","yoast_head_json":{"title":"\u018flaq\u0259 - City Leasing","robots":{"index":"index","follow":"follow","max-snippet":"max-snippet:-1","max-image-preview":"max-image-preview:large","max-video-preview":"max-video-preview:-1"},"canonical":"https:\/\/city-leasing.com\/en\/contacts\/","og_locale":"en_US","og_type":"article","og_title":"\u018flaq\u0259 - City Leasing","og_description":"Mobil Nomr\u0259miz\u0259 Z\u0259ng \u015e\u0259h\u0259r Nomr\u0259miz\u0259 Z\u0259ng whatsapp","og_url":"https:\/\/city-leasing.com\/en\/contacts\/","og_site_name":"City Leasing","article_modified_time":"2025-10-02T10:50:32+00:00","twitter_card":"summary_large_image","twitter_misc":{"Est. reading time":"1 minute"},"schema":{"@context":"https:\/\/schema.org","@graph":[{"@type":"WebPage","@id":"https:\/\/city-leasing.com\/contacts\/","url":"https:\/\/city-leasing.com\/contacts\/","name":"\u018flaq\u0259 - City Leasing","isPartOf":{"@id":"https:\/\/city-leasing.com\/#website"},"datePublished":"2020-07-11T03:58:39+00:00","dateModified":"2025-10-02T10:50:32+00:00","breadcrumb":{"@id":"https:\/\/city-leasing.com\/contacts\/#breadcrumb"},"inLanguage":"en-US","potentialAction":[{"@type":"ReadAction","target":["https:\/\/city-leasing.com\/contacts\/"]}]},{"@type":"BreadcrumbList","@id":"https:\/\/city-leasing.com\/contacts\/#breadcrumb","itemListElement":[{"@type":"ListItem","position":1,"name":"Home","item":"https:\/\/city-leasing.com\/az\/"},{"@type":"ListItem","position":2,"name":"\u018flaq\u0259"}]},{"@type":"WebSite","@id":"https:\/\/city-leasing.com\/#website","url":"https:\/\/city-leasing.com\/","name":"CityLeasing","description":"Greener That Green","publisher":{"@id":"https:\/\/city-leasing.com\/#organization"},"potentialAction":[{"@type":"SearchAction","target":{"@type":"EntryPoint","urlTemplate":"https:\/\/city-leasing.com\/?s={search_term_string}"},"query-input":{"@type":"PropertyValueSpecification","valueRequired":true,"valueName":"search_term_string"}}],"inLanguage":"en-US"},{"@type":"Organization","@id":"https:\/\/city-leasing.com\/#organization","name":"CityLeasing MMC","url":"https:\/\/city-leasing.com\/","logo":{"@type":"ImageObject","inLanguage":"en-US","@id":"https:\/\/city-leasing.com\/#\/schema\/logo\/image\/","url":"https:\/\/city-leasing.com\/wp-content\/uploads\/2024\/08\/city-leasingleasing-bakuleasingcity-leasinglizing-bakulizing-avtomobillerleasing-cars1_5-e1724600238610.webp","contentUrl":"https:\/\/city-leasing.com\/wp-content\/uploads\/2024\/08\/city-leasingleasing-bakuleasingcity-leasinglizing-bakulizing-avtomobillerleasing-cars1_5-e1724600238610.webp","width":2250,"height":701,"caption":"CityLeasing MMC"},"image":{"@id":"https:\/\/city-leasing.com\/#\/schema\/logo\/image\/"}}]}},"_links":{"self":[{"href":"https:\/\/city-leasing.com\/en\/wp-json\/wp\/v2\/pages\/1487","targetHints":{"allow":["GET"]}}],"collection":[{"href":"https:\/\/city-leasing.com\/en\/wp-json\/wp\/v2\/pages"}],"about":[{"href":"https:\/\/city-leasing.com\/en\/wp-json\/wp\/v2\/types\/page"}],"author":[{"embeddable":true,"href":"https:\/\/city-leasing.com\/en\/wp-json\/wp\/v2\/users\/1"}],"replies":[{"embeddable":true,"href":"https:\/\/city-leasing.com\/en\/wp-json\/wp\/v2\/comments?post=1487"}],"version-history":[{"count":104,"href":"https:\/\/city-leasing.com\/en\/wp-json\/wp\/v2\/pages\/1487\/revisions"}],"predecessor-version":[{"id":3075,"href":"https:\/\/city-leasing.com\/en\/wp-json\/wp\/v2\/pages\/1487\/revisions\/3075"}],"wp:attachment":[{"href":"https:\/\/city-leasing.com\/en\/wp-json\/wp\/v2\/media?parent=1487"}],"curies":[{"name":"wp","href":"https:\/\/api.w.org\/{rel}","templated":true}]}}